{"id":59,"date":"2024-05-22T16:43:00","date_gmt":"2024-05-22T19:43:00","guid":{"rendered":"https:\/\/everdreammusicacademy.com\/edmasolutions\/contact\/"},"modified":"2025-12-04T12:32:56","modified_gmt":"2025-12-04T15:32:56","slug":"contact","status":"publish","type":"page","link":"https:\/\/everdreammusicacademy.com\/edmasolutions\/contact\/","title":{"rendered":"Contact"},"content":{"rendered":"\n<div class=\"wp-block-uagb-container uagb-block-e8dd4de3 alignfull uagb-is-root-container\"><div class=\"uagb-container-inner-blocks-wrap\">\n<div data-aos= \"slide-down\" data-aos-duration=\"400\" data-aos-delay=\"0\" data-aos-easing=\"ease\" data-aos-once=\"true\" class=\"wp-block-uagb-info-box uagb-block-cd8c06c2 uagb-infobox__content-wrap  uagb-infobox-icon-above-title uagb-infobox-image-valign-top wp-block-uagb-info-box--has-margin\"><div class=\"uagb-infobox-margin-wrapper\"><div class=\"uagb-ifb-content\"><div class=\"uagb-ifb-title-wrap\"><h1 class=\"uagb-ifb-title\">Entre em Contato Conosco<\/h1><\/div><div class=\"uagb-ifb-separator\"><\/div><\/div><\/div><\/div>\n\n\n\t\t\t\t<div class = \"wp-block-uagb-lottie\">\n\t\t\t\t\t<div class = \"uagb-block-596739fb uagb-lottie__outer-wrap uagb-lottie__center    \" style=\"\">\n\t\t\t\t\t<\/div>\n\t\t\t\t<\/div>\n\t\t\t<\/div><\/div>\n\n\n\n<div class=\"wp-block-uagb-container uagb-block-4355a5d6 alignfull uagb-is-root-container\"><div class=\"uagb-container-inner-blocks-wrap\">\n<div class=\"wp-block-uagb-container uagb-block-20022e09\">\n<div class=\"wp-block-uagb-advanced-heading uagb-block-fdfc8cc4\"><h2 class=\"uagb-heading-text\">Informa\u00e7\u00f5es<\/h2><div class=\"uagb-separator\"><\/div><p class=\"uagb-desc-text\">Estamos aqui para responder \u00e0s suas d\u00favidas e auxiliar no que for necess\u00e1rio. Entre em contato conosco preenchendo o formul\u00e1rio ao lado.<\/p><\/div>\n\n\n\n<div class=\"wp-block-uagb-icon-list uagb-block-babc03bf\"><div class=\"uagb-icon-list__wrap\">\n<div class=\"wp-block-uagb-icon-list-child uagb-block-c45267bc\"><a target=\"_blank\" aria-label=\"+54 9 11 2650-2857\" rel=\"noopener noreferrer\" href=\"https:\/\/api.whatsapp.com\/send\/?phone=5491126502857&amp;text=Ol%C3%A1%21+ EDMA Solutions - Gostaria+de+algumas+informa%C3%A7%C3%B5es.+&amp;type=phone_number&amp;app_absent=0\"> <\/a><span class=\"uagb-icon-list__source-wrap\"><svg xmlns=\"https:\/\/www.w3.org\/2000\/svg\" viewBox=\"0 0 448 512\"><path d=\"M380.9 97.1C339 55.1 283.2 32 223.9 32c-122.4 0-222 99.6-222 222 0 39.1 10.2 77.3 29.6 111L0 480l117.7-30.9c32.4 17.7 68.9 27 106.1 27h.1c122.3 0 224.1-99.6 224.1-222 0-59.3-25.2-115-67.1-157zm-157 341.6c-33.2 0-65.7-8.9-94-25.7l-6.7-4-69.8 18.3L72 359.2l-4.4-7c-18.5-29.4-28.2-63.3-28.2-98.2 0-101.7 82.8-184.5 184.6-184.5 49.3 0 95.6 19.2 130.4 54.1 34.8 34.9 56.2 81.2 56.1 130.5 0 101.8-84.9 184.6-186.6 184.6zm101.2-138.2c-5.5-2.8-32.8-16.2-37.9-18-5.1-1.9-8.8-2.8-12.5 2.8-3.7 5.6-14.3 18-17.6 21.8-3.2 3.7-6.5 4.2-12 1.4-32.6-16.3-54-29.1-75.5-66-5.7-9.8 5.7-9.1 16.3-30.3 1.8-3.7 .9-6.9-.5-9.7-1.4-2.8-12.5-30.1-17.1-41.2-4.5-10.8-9.1-9.3-12.5-9.5-3.2-.2-6.9-.2-10.6-.2-3.7 0-9.7 1.4-14.8 6.9-5.1 5.6-19.4 19-19.4 46.3 0 27.3 19.9 53.7 22.6 57.4 2.8 3.7 39.1 59.7 94.8 83.8 35.2 15.2 49 16.5 66.6 13.9 10.7-1.6 32.8-13.4 37.4-26.4 4.6-13 4.6-24.1 3.2-26.4-1.3-2.5-5-3.9-10.5-6.6z\"><\/path><\/svg><\/span><span class=\"uagb-icon-list__label\"><strong>+54 9 11 2650-2857<\/strong><\/span><\/div>\n\n\n\n<div class=\"wp-block-uagb-icon-list-child uagb-block-79da6599\"><a target=\"_blank\" aria-label=\"Mail: info@everdreammusicacademy.com\" rel=\"noopener noreferrer\" href=\"mailto:info@everdreammusicacademy.com\"> <\/a><span class=\"uagb-icon-list__source-wrap\"><svg xmlns=\"https:\/\/www.w3.org\/2000\/svg\" viewBox=\"0 0 512 512\"><path d=\"M256 417.1c-16.38 0-32.88-4.1-46.88-15.12L0 250.9v213.1C0 490.5 21.5 512 48 512h416c26.5 0 48-21.5 48-47.1V250.9l-209.1 151.1C288.9 412 272.4 417.1 256 417.1zM493.6 163C484.8 156 476.4 149.5 464 140.1v-44.12c0-26.5-21.5-48-48-48l-77.5 .0016c-3.125-2.25-5.875-4.25-9.125-6.5C312.6 29.13 279.3-.3732 256 .0018C232.8-.3732 199.4 29.13 182.6 41.5c-3.25 2.25-6 4.25-9.125 6.5L96 48c-26.5 0-48 21.5-48 48v44.12C35.63 149.5 27.25 156 18.38 163C6.75 172 0 186 0 200.8v10.62l96 69.37V96h320v184.7l96-69.37V200.8C512 186 505.3 172 493.6 163zM176 255.1h160c8.836 0 16-7.164 16-15.1c0-8.838-7.164-16-16-16h-160c-8.836 0-16 7.162-16 16C160 248.8 167.2 255.1 176 255.1zM176 191.1h160c8.836 0 16-7.164 16-16c0-8.838-7.164-15.1-16-15.1h-160c-8.836 0-16 7.162-16 15.1C160 184.8 167.2 191.1 176 191.1z\"><\/path><\/svg><\/span><span class=\"uagb-icon-list__label\">Mail: <strong>info@everdreammusicacademy.com<\/strong><\/span><\/div>\n<\/div><\/div>\n<\/div>\n\n\n\n<div class=\"wp-block-uagb-container uagb-block-3858943d\"><div class=\"forminator-ui forminator-custom-form forminator-custom-form-1002 forminator-design--default  forminator_ajax\" data-forminator-render=\"0\" data-form=\"forminator-module-1002\" data-uid=\"69f0d3df5bc60\"><br\/><\/div><form\n\t\t\t\tid=\"forminator-module-1002\"\n\t\t\t\tclass=\"forminator-ui forminator-custom-form forminator-custom-form-1002 forminator-design--default  forminator_ajax\"\n\t\t\t\tmethod=\"post\"\n\t\t\t\tdata-forminator-render=\"0\"\n\t\t\t\tdata-form-id=\"1002\"\n\t\t\t\t data-color-option=\"theme\" data-design=\"default\" data-grid=\"open\" style=\"display: none;\"\n\t\t\t\tdata-uid=\"69f0d3df5bc60\"\n\t\t\t><div role=\"alert\" aria-live=\"polite\" class=\"forminator-response-message forminator-error\" aria-hidden=\"true\"><\/div><div class=\"forminator-row\"><div id=\"name-1\" class=\"forminator-field-name forminator-col forminator-col-6 \"><div class=\"forminator-field\"><label for=\"forminator-field-name-1_69f0d3df5bc60\" id=\"forminator-field-name-1_69f0d3df5bc60-label\" class=\"forminator-label\">Nome <span class=\"forminator-required\">*<\/span><\/label><input type=\"text\" name=\"name-1\" value=\"\" placeholder=\"\" id=\"forminator-field-name-1_69f0d3df5bc60\" class=\"forminator-input forminator-name--field\" aria-required=\"true\" autocomplete=\"name\" \/><\/div><\/div><div id=\"email-1\" class=\"forminator-field-email forminator-col forminator-col-6 \"><div class=\"forminator-field\"><label for=\"forminator-field-email-1_69f0d3df5bc60\" id=\"forminator-field-email-1_69f0d3df5bc60-label\" class=\"forminator-label\">Endere\u00e7o de E-mail <span class=\"forminator-required\">*<\/span><\/label><input type=\"email\" name=\"email-1\" value=\"\" placeholder=\"\" id=\"forminator-field-email-1_69f0d3df5bc60\" class=\"forminator-input forminator-email--field\" data-required=\"true\" aria-required=\"true\" autocomplete=\"email\" \/><\/div><\/div><\/div><div class=\"forminator-row\"><div id=\"phone-1\" class=\"forminator-field-phone forminator-col forminator-col-12 \"><div class=\"forminator-field\"><label for=\"forminator-field-phone-1_69f0d3df5bc60\" id=\"forminator-field-phone-1_69f0d3df5bc60-label\" class=\"forminator-label\">Telefone<\/label><input type=\"text\" name=\"phone-1\" value=\"\" placeholder=\"\" id=\"forminator-field-phone-1_69f0d3df5bc60\" class=\"forminator-input forminator-field--phone\" data-required=\"\" aria-required=\"false\" autocomplete=\"off\" \/><\/div><\/div><\/div><div class=\"forminator-row\"><div id=\"textarea-1\" class=\"forminator-field-textarea forminator-col forminator-col-12 \"><div class=\"forminator-field\"><label for=\"forminator-field-textarea-1_69f0d3df5bc60\" id=\"forminator-field-textarea-1_69f0d3df5bc60-label\" class=\"forminator-label\">Mensagem<\/label><span id=\"forminator-field-textarea-1_69f0d3df5bc60-description\" class=\"forminator-description\"><span data-limit=\"180\" data-type=\"characters\" data-editor=\"\">0 \/ 180<\/span><\/span><textarea name=\"textarea-1\" placeholder=\"\" id=\"forminator-field-textarea-1_69f0d3df5bc60\" class=\"forminator-textarea\" rows=\"6\" style=\"min-height:140px;\" maxlength=\"180\" ><\/textarea><\/div><\/div><\/div><input type=\"hidden\" name=\"referer_url\" value=\"\" \/><div class=\"forminator-row forminator-row-last\"><div class=\"forminator-col\"><div class=\"forminator-field\"><button class=\"forminator-button forminator-button-submit\">Enviar<\/button><\/div><\/div><\/div><input type=\"hidden\" id=\"forminator_nonce\" name=\"forminator_nonce\" value=\"3994516d44\" \/><input type=\"hidden\" name=\"_wp_http_referer\" value=\"\/edmasolutions\/wp-json\/wp\/v2\/pages\/59\" \/><input type=\"hidden\" name=\"form_id\" value=\"1002\"><input type=\"hidden\" name=\"page_id\" value=\"59\"><input type=\"hidden\" name=\"form_type\" value=\"default\"><input type=\"hidden\" name=\"current_url\" value=\"https:\/\/everdreammusicacademy.com\/edmasolutions\/contact\/\"><input type=\"hidden\" name=\"render_id\" value=\"0\"><input type=\"hidden\" name=\"action\" value=\"forminator_submit_form_custom-forms\"><\/form>\n<\/div>\n<\/div><\/div>\n\n\n","protected":false},"excerpt":{"rendered":"<p>Informa\u00e7\u00f5es Estamos aqui para responder \u00e0s suas d\u00favidas e auxiliar no que for necess\u00e1rio. Entre em contato conosco preenchendo o formul\u00e1rio ao lado.<\/p>\n","protected":false},"author":1,"featured_media":0,"parent":0,"menu_order":0,"comment_status":"closed","ping_status":"closed","template":"","meta":{"_eb_attr":"","_uag_custom_page_level_css":"","site-sidebar-layout":"default","site-content-layout":"","ast-site-content-layout":"default","site-content-style":"default","site-sidebar-style":"default","ast-global-header-display":"","ast-banner-title-visibility":"","ast-main-header-display":"","ast-hfb-above-header-display":"","ast-hfb-below-header-display":"","ast-hfb-mobile-header-display":"","site-post-title":"disabled","ast-breadcrumbs-content":"","ast-featured-img":"","footer-sml-layout":"","ast-disable-related-posts":"","theme-transparent-header-meta":"","adv-header-id-meta":"","stick-header-meta":"","header-above-stick-meta":"","header-main-stick-meta":"","header-below-stick-meta":"","astra-migrate-meta-layouts":"default","ast-page-background-enabled":"default","ast-page-background-meta":{"desktop":{"background-color":"var(--ast-global-color-4)","background-image":"","background-repeat":"repeat","background-position":"center center","background-size":"auto","background-attachment":"scroll","background-type":"","background-media":"","overlay-type":"","overlay-color":"","overlay-opacity":"","overlay-gradient":""},"tablet":{"background-color":"","background-image":"","background-repeat":"repeat","background-position":"center center","background-size":"auto","background-attachment":"scroll","background-type":"","background-media":"","overlay-type":"","overlay-color":"","overlay-opacity":"","overlay-gradient":""},"mobile":{"background-color":"","background-image":"","background-repeat":"repeat","background-position":"center center","background-size":"auto","background-attachment":"scroll","background-type":"","background-media":"","overlay-type":"","overlay-color":"","overlay-opacity":"","overlay-gradient":""}},"ast-content-background-meta":{"desktop":{"background-color":"var(--ast-global-color-5)","background-image":"","background-repeat":"repeat","background-position":"center center","background-size":"auto","background-attachment":"scroll","background-type":"","background-media":"","overlay-type":"","overlay-color":"","overlay-opacity":"","overlay-gradient":""},"tablet":{"background-color":"var(--ast-global-color-5)","background-image":"","background-repeat":"repeat","background-position":"center center","background-size":"auto","background-attachment":"scroll","background-type":"","background-media":"","overlay-type":"","overlay-color":"","overlay-opacity":"","overlay-gradient":""},"mobile":{"background-color":"var(--ast-global-color-5)","background-image":"","background-repeat":"repeat","background-position":"center center","background-size":"auto","background-attachment":"scroll","background-type":"","background-media":"","overlay-type":"","overlay-color":"","overlay-opacity":"","overlay-gradient":""}},"cybocfi_hide_featured_image":"","footnotes":""},"class_list":["post-59","page","type-page","status-publish","hentry"],"aioseo_notices":[],"uagb_featured_image_src":{"full":false,"thumbnail":false,"medium":false,"medium_large":false,"large":false,"1536x1536":false,"2048x2048":false},"uagb_author_info":{"display_name":"AdminEDMA","author_link":"https:\/\/everdreammusicacademy.com\/edmasolutions\/author\/admin\/"},"uagb_comment_info":0,"uagb_excerpt":"Informa\u00e7\u00f5es Estamos aqui para responder \u00e0s suas d\u00favidas e auxiliar no que for necess\u00e1rio. Entre em contato conosco preenchendo o formul\u00e1rio ao lado.","_links":{"self":[{"href":"https:\/\/everdreammusicacademy.com\/edmasolutions\/wp-json\/wp\/v2\/pages\/59","targetHints":{"allow":["GET"]}}],"collection":[{"href":"https:\/\/everdreammusicacademy.com\/edmasolutions\/wp-json\/wp\/v2\/pages"}],"about":[{"href":"https:\/\/everdreammusicacademy.com\/edmasolutions\/wp-json\/wp\/v2\/types\/page"}],"author":[{"embeddable":true,"href":"https:\/\/everdreammusicacademy.com\/edmasolutions\/wp-json\/wp\/v2\/users\/1"}],"replies":[{"embeddable":true,"href":"https:\/\/everdreammusicacademy.com\/edmasolutions\/wp-json\/wp\/v2\/comments?post=59"}],"version-history":[{"count":41,"href":"https:\/\/everdreammusicacademy.com\/edmasolutions\/wp-json\/wp\/v2\/pages\/59\/revisions"}],"predecessor-version":[{"id":1005,"href":"https:\/\/everdreammusicacademy.com\/edmasolutions\/wp-json\/wp\/v2\/pages\/59\/revisions\/1005"}],"wp:attachment":[{"href":"https:\/\/everdreammusicacademy.com\/edmasolutions\/wp-json\/wp\/v2\/media?parent=59"}],"curies":[{"name":"wp","href":"https:\/\/api.w.org\/{rel}","templated":true}]}}