{"id":58,"date":"2024-05-22T16:43:00","date_gmt":"2024-05-22T19:43:00","guid":{"rendered":"https:\/\/everdreammusicacademy.com\/edmasolutions\/services\/"},"modified":"2024-07-11T09:36:31","modified_gmt":"2024-07-11T12:36:31","slug":"services","status":"publish","type":"page","link":"https:\/\/everdreammusicacademy.com\/edmasolutions\/services\/","title":{"rendered":"Services"},"content":{"rendered":"\n<div class=\"wp-block-uagb-container uagb-block-e8dd4de3 alignfull uagb-is-root-container\"><div class=\"uagb-container-inner-blocks-wrap\">\n<div class=\"wp-block-uagb-info-box uagb-block-cd8c06c2 uagb-infobox__content-wrap  uagb-infobox-icon-above-title uagb-infobox-image-valign-top wp-block-uagb-info-box--has-margin\"><div class=\"uagb-infobox-margin-wrapper\"><div class=\"uagb-ifb-content\"><div class=\"uagb-ifb-title-wrap\"><h1 class=\"uagb-ifb-title\">Servi\u00e7os EDMA Solutions<\/h1><\/div><div class=\"uagb-ifb-separator\"><\/div><\/div><\/div><\/div>\n<\/div><\/div>\n\n\n\n<div class=\"wp-block-uagb-container uagb-block-92848753 alignfull uagb-is-root-container\"><div class=\"uagb-container-inner-blocks-wrap\">\n<div class=\"wp-block-uagb-advanced-heading uagb-block-78e261c7\" id=\"WordPress\"><h2 class=\"uagb-heading-text\">WordPress<\/h2><\/div>\n\n\n\n<div class=\"wp-block-uagb-info-box uagb-block-8bf968e0 uagb-infobox__content-wrap  uagb-infobox-icon-above-title uagb-infobox-image-valign-top\"><div class=\"uagb-ifb-content\"><div class=\"uagb-ifb-image-content\"><img decoding=\"async\" src=\"https:\/\/everdreammusicacademy.com\/edmasolutions\/wp-content\/uploads\/sites\/8\/2024\/06\/Copia-de-EDMA-Solucoes-Integradas-v1-5.png\" alt=\"\" width=\"\" height=\"0\" loading=\"lazy\"\/><\/div><div class=\"uagb-ifb-title-wrap\"><h3 class=\"uagb-ifb-title\">WordPress<\/h3><\/div><div class=\"uagb-ifb-desc\">\n<p class=\"has-text-align-left\">Configurado (em modelo de tecnologia de <strong><em>multi site<\/em><\/strong>) e customizado, considerando as necessidades de apresenta\u00e7\u00e3o dos servi\u00e7os oferecidos e sua identidade visual. Podemos definir como um <strong>Site &#8211; Portf\u00f3lio<\/strong> a ser desenvolvido em <strong><em>WordPress<\/em><\/strong>.<\/p>\n\n\n\n<p class=\"has-text-align-left\">Um site portf\u00f3lio desenvolvido em <em>WordPress<\/em> \u00e9 uma plataforma online onde empresas podem exibir e destacar seu trabalho de forma organizada, visualmente atraente e interativa. \u00c9 uma <strong>vitrine digital. <\/strong>A plataforma cont\u00e9m recursos avan\u00e7ados como temas, plugins e facilidades de gerenciamento de conte\u00fado.<\/p>\n\n\n\n<p class=\"has-text-align-left\">O <em>WordPress<\/em> \u00e9 uma plataforma de gerenciamento de conte\u00fado (<em>CMS &#8211; Content Management System<\/em>) amplamente utilizada para a cria\u00e7\u00e3o e manuten\u00e7\u00e3o de websites, portfolio, blogs e lojas online. Lan\u00e7ado em 2003, o <em>WordPress<\/em> rapidamente se tornou uma das ferramentas mais populares e poderosas do mercado devido \u00e0 sua flexibilidade, facilidade de uso e comunidade ativa.<\/p>\n\n\n\n<p class=\"has-text-align-left\">O <em>WordPress<\/em> \u00e9 altamente extens\u00edvel e personaliz\u00e1vel por meio de <em>plugins<\/em>. Existem milhares de plugins dispon\u00edveis, tanto (muitos) gratuitos, quanto pagos, que adicionam funcionalidades extras ao site, como formul\u00e1rios de contato, otimiza\u00e7\u00e3o para mecanismos de busca (SEO), integra\u00e7\u00e3o com redes sociais, lojas online (<em>WooCommerce<\/em> como principal op\u00e7\u00e3o) e muito mais. Essa vasta biblioteca de plugins permite que os usu\u00e1rios personalizem seus sites de acordo com suas necessidades espec\u00edficas.<\/p>\n\n\n\n<p class=\"has-text-align-left\">O plugin <strong>Contact Form 7<\/strong> (gratuito) tem a capacidade de gerar formul\u00e1rios altamente customiz\u00e1veis, com integra\u00e7\u00e3o nativa por e-mail, visualmente atraente e atualmente aprincipal ferramenta para atender esse tipo de funcionalidade.<\/p>\n\n\n\n<p class=\"has-text-align-left\">Opcionlmente pode-se agregar ao <em>WordPress <\/em>o plugin <strong><em>WooCommerce<\/em><\/strong>, que transforma o site em uma loja virtul completa. Uma outra op\u00e7\u00e3o \u00e9 o <strong><em>PrestaShop<\/em><\/strong>, um ambiente independente de loja virtual facilmente integrado ao <em>WordPress <\/em>e demais ferramentas.<\/p>\n<\/div><div class=\"uagb-ifb-button-wrapper wp-block-button\"><a href=\"..\/#OurSrv\" class=\"uagb-infobox-cta-link wp-block-button__link\" target=\"_self\" rel=\"noopener noreferrer\" onclick=\"return true;\"><span class=\"uagb-inline-editing\">VOLTAR<\/span><svg xmlns=\"https:\/\/www.w3.org\/2000\/svg\" viewBox=\"0 0 512 512\"><path d=\"M504.3 273.6l-112.1 104c-6.992 6.484-17.18 8.218-25.94 4.406c-8.758-3.812-14.42-12.45-14.42-21.1L351.9 288H32C14.33 288 .0002 273.7 .0002 255.1S14.33 224 32 224h319.9l0-72c0-9.547 5.66-18.19 14.42-22c8.754-3.809 18.95-2.075 25.94 4.41l112.1 104C514.6 247.9 514.6 264.1 504.3 273.6z\"><\/path><\/svg><\/a><\/div><\/div><\/div>\n<\/div><\/div>\n\n\n\n<div class=\"wp-block-uagb-container uagb-block-1ac0aa57 alignfull uagb-is-root-container\"><div class=\"uagb-container-inner-blocks-wrap\">\n<div class=\"wp-block-uagb-advanced-heading uagb-block-862c4f3f\" id=\"Moodle\"><h2 class=\"uagb-heading-text\">Moodle<\/h2><\/div>\n\n\n\n<div class=\"wp-block-uagb-info-box uagb-block-3db846f9 uagb-infobox__content-wrap  uagb-infobox-icon-above-title uagb-infobox-image-valign-top\"><div class=\"uagb-ifb-content\"><div class=\"uagb-ifb-image-content\"><img decoding=\"async\" src=\"https:\/\/everdreammusicacademy.com\/edmasolutions\/wp-content\/uploads\/sites\/8\/2024\/06\/Copia-de-EDMA-Solucoes-Integradas-v1-6.png\" alt=\"\" width=\"\" height=\"0\" loading=\"lazy\"\/><\/div><div class=\"uagb-ifb-title-wrap\"><h3 class=\"uagb-ifb-title\">Moodle<\/h3><\/div><div class=\"uagb-ifb-desc\">\n<p class=\"has-text-align-left\">Configurado e customizado, considerando as necessidades de apresenta\u00e7\u00e3o dos servi\u00e7os oferecidos e sua identidade visual. Al\u00e9m disso, toda estrutura que envolve a cria\u00e7\u00e3o de cursos (conte\u00fado fornecido pelo cliente).<\/p>\n\n\n\n<p class=\"has-text-align-left\">O <em>Moodle<\/em> \u00e9 uma plataforma de aprendizado online de c\u00f3digo aberto amplamente utilizada em todo o mundo. Ela fornece um ambiente virtual de aprendizagem flex\u00edvel e personaliz\u00e1vel, permitindo que institui\u00e7\u00f5es educacionais, empresas e organiza\u00e7\u00f5es criem cursos, treinamentos e conte\u00fados interativos. Com o <em>Moodle<\/em>, \u00e9 poss\u00edvel oferecer uma experi\u00eancia de ensino e aprendizagem colaborativa, adaptada \u00e0s necessidades de cada aluno.<\/p>\n\n\n\n<p class=\"has-text-align-left\">Uma das principais vantagens do <em>Moodle <\/em>\u00e9 sua flexibilidade e adaptabilidade. A plataforma oferece uma variedade de recursos e ferramentas, como f\u00f3runs de discuss\u00e3o, envio de tarefas, avalia\u00e7\u00f5es, bate-papo, entre outros, que podem ser personalizados e configurados de acordo com os requisitos espec\u00edficos de cada curso ou treinamento. Al\u00e9m disso, o <em>Moodle<\/em> suporta diferentes formatos de conte\u00fado, como v\u00eddeos, documentos, question\u00e1rios e atividades interativas, permitindo uma experi\u00eancia de aprendizagem rica e envolvente.<\/p>\n\n\n\n<p class=\"has-text-align-left\">O <em>Moodle<\/em> possui uma <strong>base de usu\u00e1rios global de mais de 230 milh\u00f5es de usu\u00e1rios<\/strong> registrados, incluindo estudantes, professores e administradores.<\/p>\n\n\n\n<p class=\"has-text-align-left\">Diversas institui\u00e7\u00f5es de ensino em todo o mundo adotaram o <em>Moodle <\/em>como plataforma de aprendizado. Alguns exemplos incluem:&nbsp;<\/p>\n\n\n\n<p class=\"has-text-align-left\"><strong>Open University do Reino Unido<\/strong>: Uma das maiores universidades do mundo, com mais de 200.000 alunos, utiliza o Moodle como plataforma de aprendizado online.,<\/p>\n\n\n\n<p class=\"has-text-align-left\"><strong>Universidade de Nova Gales do Sul (UNSW) na Austr\u00e1lia<\/strong>: A UNSW utiliza o Moodle para fornecer recursos e suporte online aos estudantes, al\u00e9m de oferecer cursos completos pela plataforma.<\/p>\n\n\n\n<p class=\"has-text-align-left\"><strong>Universidade Nacional de Educa\u00e7\u00e3o a Dist\u00e2ncia (UNED) na Espanha<\/strong>: A UNED \u00e9 uma das principais institui\u00e7\u00f5es de ensino a dist\u00e2ncia na Espanha e utiliza o Moodle como sua plataforma central para a entrega de cursos online.<\/p>\n\n\n\n<p class=\"has-text-align-left\"><strong>Empresas e Organiza\u00e7\u00f5es<\/strong>: Al\u00e9m das institui\u00e7\u00f5es de ensino, v\u00e1rias empresas e organiza\u00e7\u00f5es tamb\u00e9m utilizam o Moodle para oferecer treinamentos e desenvolvimento de funcion\u00e1rios. Alguns exemplos not\u00e1veis s\u00e3o:<\/p>\n\n\n\n<p class=\"has-text-align-left\"><strong>Google<\/strong>: O Google utiliza o Moodle para fornecer treinamentos internos aos seus funcion\u00e1rios em todo o mundo.<\/p>\n\n\n\n<p class=\"has-text-align-left\"><strong>Comiss\u00e3o Europeia<\/strong>: A Comiss\u00e3o Europeia utiliza o Moodle como sua plataforma de aprendizado online para oferecer treinamentos aos funcion\u00e1rios e membros da Uni\u00e3o Europeia.<\/p>\n\n\n\n<p class=\"has-text-align-left\"><strong>UNESCO<\/strong>: A Organiza\u00e7\u00e3o das Na\u00e7\u00f5es Unidas para a Educa\u00e7\u00e3o, a Ci\u00eancia e a Cultura (UNESCO) utiliza o Moodle para fornecer recursos educacionais online para professores e alunos em todo o mundo.<\/p>\n<\/div><div class=\"uagb-ifb-button-wrapper wp-block-button\"><a href=\"..\/#OurSrv\" class=\"uagb-infobox-cta-link wp-block-button__link\" target=\"_self\" rel=\"noopener noreferrer\" onclick=\"return true;\"><span class=\"uagb-inline-editing\">VOLTAR<\/span><svg xmlns=\"https:\/\/www.w3.org\/2000\/svg\" viewBox=\"0 0 512 512\"><path d=\"M504.3 273.6l-112.1 104c-6.992 6.484-17.18 8.218-25.94 4.406c-8.758-3.812-14.42-12.45-14.42-21.1L351.9 288H32C14.33 288 .0002 273.7 .0002 255.1S14.33 224 32 224h319.9l0-72c0-9.547 5.66-18.19 14.42-22c8.754-3.809 18.95-2.075 25.94 4.41l112.1 104C514.6 247.9 514.6 264.1 504.3 273.6z\"><\/path><\/svg><\/a><\/div><\/div><\/div>\n<\/div><\/div>\n\n\n\n<div class=\"wp-block-uagb-container uagb-block-01c26c7e alignfull uagb-is-root-container\"><div class=\"uagb-container-inner-blocks-wrap\">\n<div class=\"wp-block-uagb-advanced-heading uagb-block-0e3ec401\" id=\"Dolibarr\"><h2 class=\"uagb-heading-text\">Dolibarr<\/h2><\/div>\n\n\n\n<div class=\"wp-block-uagb-info-box uagb-block-6632f598 uagb-infobox__content-wrap  uagb-infobox-icon-above-title uagb-infobox-image-valign-top\"><div class=\"uagb-ifb-content\"><div class=\"uagb-ifb-image-content\"><img decoding=\"async\" src=\"https:\/\/everdreammusicacademy.com\/edmasolutions\/wp-content\/uploads\/sites\/8\/2024\/06\/EDMA-Solucoes-Integradas-v1-1.png\" alt=\"\" width=\"\" height=\"0\" loading=\"lazy\"\/><\/div><div class=\"uagb-ifb-title-wrap\"><h3 class=\"uagb-ifb-title\">Dolibarr<\/h3><\/div><div class=\"uagb-ifb-desc\">\n<p class=\"has-text-align-left\">A gest\u00e3o de qualquer institui\u00e7\u00e3o de ensino n\u00e3o demanda necessariamente um sistema espec\u00edfico para isso. O controle administrativo financeiro deve ficar a cargo de uma ferramenta consolidada no mercado e em constante evolu\u00e7\u00e3o. Al\u00e9m disso, a ferramenta deve permitir o acesso \u00e0s suas informa\u00e7\u00f5es de forma ampla para promover integra\u00e7\u00f5es e automa\u00e7\u00f5es desenvolvidas especificamente para cada empresa.<\/p>\n\n\n\n<p class=\"has-text-align-left\">O <strong>Dolibarr <\/strong>\u00e9 uma solu\u00e7\u00e3o de software de c\u00f3digo aberto que combina funcionalidades de <strong>ERP <\/strong>(Planejamento de Recursos Empresariais) e <strong>CRM <\/strong>(Gest\u00e3o de Relacionamento com o Cliente). Com uma interface intuitiva e modular, o Dolibarr \u00e9 altamente personaliz\u00e1vel e adequado para uma ampla gama de empresas e organiza\u00e7\u00f5es.<\/p>\n\n\n\n<p class=\"has-text-align-left\">Principais funcionalidades do <strong>Dolibarr<\/strong>:<\/p>\n\n\n\n<p class=\"has-text-align-left\"><strong>Gest\u00e3o de clientes e contatos<\/strong>: O Dolibarr permite armazenar informa\u00e7\u00f5es detalhadas sobre clientes e contatos, incluindo hist\u00f3rico de intera\u00e7\u00f5es, comunica\u00e7\u00f5es e transa\u00e7\u00f5es.<\/p>\n\n\n\n<p class=\"has-text-align-left\"><strong>Gest\u00e3o de estoque<\/strong>: Com recursos avan\u00e7ados de controle de estoque, o Dolibarr facilita o acompanhamento de produtos, gerenciamento de invent\u00e1rio, controle de fornecedores e gest\u00e3o de compras.<\/p>\n\n\n\n<p class=\"has-text-align-left\"><strong>Gest\u00e3o financeira<\/strong>: Inclui funcionalidades para faturamento, contabilidade, controle de despesas, gest\u00e3o de pagamentos e gera\u00e7\u00e3o de relat\u00f3rios financeiros.<\/p>\n\n\n\n<p class=\"has-text-align-left\"><strong>Gest\u00e3o de projetos<\/strong>: Oferece ferramentas para planejamento, acompanhamento e controle de projetos, incluindo atribui\u00e7\u00e3o de tarefas, cronogramas, controle de tempo e gera\u00e7\u00e3o de relat\u00f3rios de desempenho.<\/p>\n\n\n\n<p class=\"has-text-align-left\"><strong>Gest\u00e3o de vendas<\/strong>: Permite criar e acompanhar oportunidades de vendas, cota\u00e7\u00f5es, pedidos, faturas e contratos.<\/p>\n\n\n\n<p class=\"has-text-align-left\"><strong>Gest\u00e3o de recursos humanos<\/strong>: Inclui recursos para gerenciamento de funcion\u00e1rios, folha de pagamento, controle de horas trabalhadas e gest\u00e3o de benef\u00edcios.<\/p>\n\n\n\n<p class=\"has-text-align-left\">Possibilidades de uso de API para integra\u00e7\u00e3o com sistemas externos:<\/p>\n\n\n\n<p class=\"has-text-align-left\">O <strong>Dolibarr <\/strong>oferece uma API robusta que permite integra\u00e7\u00e3o com uma variedade de sistemas externos, como sistemas de contabilidade, sistemas de pagamento, lojas online, sistemas de CRM e muito mais. Com a API do <strong>Dolibarr<\/strong>, \u00e9 poss\u00edvel automatizar processos, sincronizar dados entre sistemas e criar solu\u00e7\u00f5es personalizadas para atender \u00e0s necessidades espec\u00edficas de sua empresa. Al\u00e9m disso, o Dolibarr suporta padr\u00f5es abertos de integra\u00e7\u00e3o, como REST e SOAP, facilitando a integra\u00e7\u00e3o com uma variedade de plataformas e tecnologias.<\/p>\n<\/div><div class=\"uagb-ifb-button-wrapper wp-block-button\"><a href=\"..\/#OurSrv\" class=\"uagb-infobox-cta-link wp-block-button__link\" target=\"_self\" rel=\"noopener noreferrer\" onclick=\"return true;\"><span class=\"uagb-inline-editing\">VOLTAR<\/span><svg xmlns=\"https:\/\/www.w3.org\/2000\/svg\" viewBox=\"0 0 512 512\"><path d=\"M504.3 273.6l-112.1 104c-6.992 6.484-17.18 8.218-25.94 4.406c-8.758-3.812-14.42-12.45-14.42-21.1L351.9 288H32C14.33 288 .0002 273.7 .0002 255.1S14.33 224 32 224h319.9l0-72c0-9.547 5.66-18.19 14.42-22c8.754-3.809 18.95-2.075 25.94 4.41l112.1 104C514.6 247.9 514.6 264.1 504.3 273.6z\"><\/path><\/svg><\/a><\/div><\/div><\/div>\n<\/div><\/div>\n\n\n\n<div class=\"wp-block-uagb-container uagb-block-14be1e04 alignfull uagb-is-root-container\"><div class=\"uagb-container-inner-blocks-wrap\">\n<div class=\"wp-block-uagb-advanced-heading uagb-block-737b46cd\" id=\"Integr\"><h2 class=\"uagb-heading-text\">Integra\u00e7\u00e3o &amp; Automatiza\u00e7\u00e3o<\/h2><p class=\"uagb-desc-text\">Solu\u00e7\u00f5es para uma gest\u00e3o eficiente e otimizada<\/p><div class=\"uagb-separator\"><\/div><\/div>\n\n\n\n<div class=\"wp-block-uagb-info-box uagb-block-06f37f10 uagb-infobox__content-wrap  uagb-infobox-icon-above-title uagb-infobox-image-valign-top\"><div class=\"uagb-ifb-content\"><div class=\"uagb-ifb-image-content\"><img decoding=\"async\" src=\"https:\/\/everdreammusicacademy.com\/edmasolutions\/wp-content\/uploads\/sites\/8\/2024\/06\/EDMA-Solucoes-Integradas-v1-I.png\" alt=\"\" width=\"\" height=\"0\" loading=\"lazy\"\/><\/div><div class=\"uagb-ifb-title-wrap\"><h3 class=\"uagb-ifb-title\">Integra\u00e7\u00e3o &amp; Automatiza\u00e7\u00e3o<\/h3><\/div><div class=\"uagb-ifb-desc\">\n<p class=\"has-text-align-left\">Ap\u00f3s a implementa\u00e7\u00e3o de todos os m\u00f3dulos ou concomitantemente a eles, ocorre a integra\u00e7\u00e3o e automa\u00e7\u00e3o de processos. Essa integra\u00e7\u00e3o \u00e9 essencial para garantir a fluidez das opera\u00e7\u00f5es e a efici\u00eancia do sistema como um todo.&nbsp;<\/p>\n\n\n\n<p class=\"has-text-align-left\">Por exemplo, um simples cadastro de cliente pode come\u00e7ar em um formul\u00e1rio de admiss\u00e3o no WordPress e ser automaticamente enviado ao ERP. Quando o contrato \u00e9 efetivado, o ERP pode gerar os dados de acesso ao Moodle, proporcionando uma experi\u00eancia integrada e sem interrup\u00e7\u00f5es para o usu\u00e1rio.<\/p>\n\n\n\n<p class=\"has-text-align-left\">Essa automatiza\u00e7\u00e3o n\u00e3o apenas agiliza as opera\u00e7\u00f5es, mas tamb\u00e9m reduz erros e retrabalho, garantindo maior precis\u00e3o e consist\u00eancia nos dados. Al\u00e9m disso, a integra\u00e7\u00e3o entre os sistemas permite uma vis\u00e3o hol\u00edstica das informa\u00e7\u00f5es, facilitando a tomada de decis\u00f5es estrat\u00e9gicas.<\/p>\n\n\n\n<p class=\"has-text-align-left\"><strong>Diferen\u00e7a entre integra\u00e7\u00e3o e automa\u00e7\u00e3o:<\/strong><\/p>\n\n\n\n<p class=\"has-text-align-left\">A <strong>integra\u00e7\u00e3o <\/strong>refere-se \u00e0 conex\u00e3o e comunica\u00e7\u00e3o entre diferentes sistemas ou m\u00f3dulos de software, permitindo que compartilhem dados e funcionem de forma coordenada. J\u00e1 a <strong>automa\u00e7\u00e3o <\/strong>envolve a configura\u00e7\u00e3o de processos para que sejam executados automaticamente, como um rob\u00f4,, sem interven\u00e7\u00e3o humana, com base em regras predefinidas.<\/p>\n\n\n\n<p class=\"has-text-align-left\">Por exemplo, a integra\u00e7\u00e3o entre um sistema de CRM e um sistema de e-commerce permite que os dados de clientes sejam compartilhados entre os dois sistemas, enquanto a automa\u00e7\u00e3o pode ser configurada para enviar e-mails de acompanhamento para clientes ap\u00f3s uma compra, com base em determinados gatilhos.<\/p>\n\n\n\n<p class=\"has-text-align-left\">Essas duas funcionalidades trabalham juntas para criar um ambiente integrado e automatizado, otimizando a efici\u00eancia operacional e melhorando a experi\u00eancia do usu\u00e1rio.<\/p>\n\n\n\n<p class=\"has-text-align-left\"><\/p>\n<\/div><div class=\"uagb-ifb-button-wrapper wp-block-button\"><a href=\"..\/#OurSrv\" class=\"uagb-infobox-cta-link wp-block-button__link\" target=\"_self\" rel=\"noopener noreferrer\" onclick=\"return true;\"><span class=\"uagb-inline-editing\">VOLTAR<\/span><svg xmlns=\"https:\/\/www.w3.org\/2000\/svg\" viewBox=\"0 0 512 512\"><path d=\"M504.3 273.6l-112.1 104c-6.992 6.484-17.18 8.218-25.94 4.406c-8.758-3.812-14.42-12.45-14.42-21.1L351.9 288H32C14.33 288 .0002 273.7 .0002 255.1S14.33 224 32 224h319.9l0-72c0-9.547 5.66-18.19 14.42-22c8.754-3.809 18.95-2.075 25.94 4.41l112.1 104C514.6 247.9 514.6 264.1 504.3 273.6z\"><\/path><\/svg><\/a><\/div><\/div><\/div>\n<\/div><\/div>\n\n\n\n<div class=\"wp-block-uagb-container uagb-block-a1be7688 alignfull uagb-is-root-container\"><div class=\"uagb-container-inner-blocks-wrap\">\n<div class=\"wp-block-uagb-info-box uagb-block-5c2a4b94 uagb-infobox__content-wrap  uagb-infobox-icon-above-title uagb-infobox-image-valign-top wp-block-uagb-info-box--has-margin\"><div class=\"uagb-infobox-margin-wrapper\"><div class=\"uagb-ifb-content\"><div class=\"uagb-ifb-separator\"><\/div><div class=\"uagb-ifb-title-wrap\"><h2 class=\"uagb-ifb-title-prefix\">Potencialize sua Empresa Agora<\/h2><p class=\"uagb-ifb-title\">Entre em contato conosco e descubra como podemos ajudar a impulsionar o seu neg\u00f3cio com nossas solu\u00e7\u00f5es tecnol\u00f3gicas personalizadas.<\/p><\/div><div class=\"uagb-ifb-button-wrapper wp-block-button\"><a href=\"\/edmasolutions\/contact\" class=\"uagb-infobox-cta-link wp-block-button__link\" target=\"_self\" rel=\"noopener noreferrer\" onclick=\"return true;\"><span class=\"uagb-inline-editing\">potencializar minha empresa!<\/span><\/a><\/div><\/div><\/div><\/div>\n<\/div><\/div>\n\n\n\n\n\n<div class=\"wp-block-uagb-container uagb-block-2cec9e4b alignfull uagb-is-root-container\"><div class=\"uagb-container-inner-blocks-wrap\"><\/div><\/div>\n","protected":false},"excerpt":{"rendered":"<p>WordPress Moodle Dolibarr Integra\u00e7\u00e3o &amp; Automatiza\u00e7\u00e3o Solu\u00e7\u00f5es para uma gest\u00e3o eficiente e otimizada<\/p>\n","protected":false},"author":1,"featured_media":0,"parent":0,"menu_order":0,"comment_status":"closed","ping_status":"closed","template":"","meta":{"_eb_attr":"","_uag_custom_page_level_css":"","site-sidebar-layout":"default","site-content-layout":"","ast-site-content-layout":"default","site-content-style":"default","site-sidebar-style":"default","ast-global-header-display":"","ast-banner-title-visibility":"","ast-main-header-display":"","ast-hfb-above-header-display":"","ast-hfb-below-header-display":"","ast-hfb-mobile-header-display":"","site-post-title":"disabled","ast-breadcrumbs-content":"","ast-featured-img":"","footer-sml-layout":"","ast-disable-related-posts":"","theme-transparent-header-meta":"","adv-header-id-meta":"","stick-header-meta":"","header-above-stick-meta":"","header-main-stick-meta":"","header-below-stick-meta":"","astra-migrate-meta-layouts":"default","ast-page-background-enabled":"default","ast-page-background-meta":{"desktop":{"background-color":"var(--ast-global-color-4)","background-image":"","background-repeat":"repeat","background-position":"center center","background-size":"auto","background-attachment":"scroll","background-type":"","background-media":"","overlay-type":"","overlay-color":"","overlay-opacity":"","overlay-gradient":""},"tablet":{"background-color":"","background-image":"","background-repeat":"repeat","background-position":"center center","background-size":"auto","background-attachment":"scroll","background-type":"","background-media":"","overlay-type":"","overlay-color":"","overlay-opacity":"","overlay-gradient":""},"mobile":{"background-color":"","background-image":"","background-repeat":"repeat","background-position":"center center","background-size":"auto","background-attachment":"scroll","background-type":"","background-media":"","overlay-type":"","overlay-color":"","overlay-opacity":"","overlay-gradient":""}},"ast-content-background-meta":{"desktop":{"background-color":"var(--ast-global-color-5)","background-image":"","background-repeat":"repeat","background-position":"center center","background-size":"auto","background-attachment":"scroll","background-type":"","background-media":"","overlay-type":"","overlay-color":"","overlay-opacity":"","overlay-gradient":""},"tablet":{"background-color":"var(--ast-global-color-5)","background-image":"","background-repeat":"repeat","background-position":"center center","background-size":"auto","background-attachment":"scroll","background-type":"","background-media":"","overlay-type":"","overlay-color":"","overlay-opacity":"","overlay-gradient":""},"mobile":{"background-color":"var(--ast-global-color-5)","background-image":"","background-repeat":"repeat","background-position":"center center","background-size":"auto","background-attachment":"scroll","background-type":"","background-media":"","overlay-type":"","overlay-color":"","overlay-opacity":"","overlay-gradient":""}},"cybocfi_hide_featured_image":"","footnotes":""},"class_list":["post-58","page","type-page","status-publish","hentry"],"aioseo_notices":[],"uagb_featured_image_src":{"full":false,"thumbnail":false,"medium":false,"medium_large":false,"large":false,"1536x1536":false,"2048x2048":false},"uagb_author_info":{"display_name":"AdminEDMA","author_link":"https:\/\/everdreammusicacademy.com\/edmasolutions\/author\/admin\/"},"uagb_comment_info":0,"uagb_excerpt":"WordPress Moodle Dolibarr Integra\u00e7\u00e3o &amp; Automatiza\u00e7\u00e3o Solu\u00e7\u00f5es para uma gest\u00e3o eficiente e otimizada","_links":{"self":[{"href":"https:\/\/everdreammusicacademy.com\/edmasolutions\/wp-json\/wp\/v2\/pages\/58","targetHints":{"allow":["GET"]}}],"collection":[{"href":"https:\/\/everdreammusicacademy.com\/edmasolutions\/wp-json\/wp\/v2\/pages"}],"about":[{"href":"https:\/\/everdreammusicacademy.com\/edmasolutions\/wp-json\/wp\/v2\/types\/page"}],"author":[{"embeddable":true,"href":"https:\/\/everdreammusicacademy.com\/edmasolutions\/wp-json\/wp\/v2\/users\/1"}],"replies":[{"embeddable":true,"href":"https:\/\/everdreammusicacademy.com\/edmasolutions\/wp-json\/wp\/v2\/comments?post=58"}],"version-history":[{"count":76,"href":"https:\/\/everdreammusicacademy.com\/edmasolutions\/wp-json\/wp\/v2\/pages\/58\/revisions"}],"predecessor-version":[{"id":1000,"href":"https:\/\/everdreammusicacademy.com\/edmasolutions\/wp-json\/wp\/v2\/pages\/58\/revisions\/1000"}],"wp:attachment":[{"href":"https:\/\/everdreammusicacademy.com\/edmasolutions\/wp-json\/wp\/v2\/media?parent=58"}],"curies":[{"name":"wp","href":"https:\/\/api.w.org\/{rel}","templated":true}]}}