{"id":57,"date":"2024-05-22T16:43:00","date_gmt":"2024-05-22T19:43:00","guid":{"rendered":"https:\/\/everdreammusicacademy.com\/edmasolutions\/about\/"},"modified":"2024-05-30T14:50:22","modified_gmt":"2024-05-30T17:50:22","slug":"about","status":"publish","type":"page","link":"https:\/\/everdreammusicacademy.com\/edmasolutions\/about\/","title":{"rendered":"About"},"content":{"rendered":"\n<div class=\"wp-block-uagb-container uagb-block-e8dd4de3 alignfull uagb-is-root-container\"><div class=\"uagb-container-inner-blocks-wrap\">\n<div class=\"wp-block-uagb-info-box uagb-block-cd8c06c2 uagb-infobox__content-wrap  uagb-infobox-icon-above-title uagb-infobox-image-valign-top wp-block-uagb-info-box--has-margin\"><div class=\"uagb-infobox-margin-wrapper\"><div class=\"uagb-ifb-content\"><div class=\"uagb-ifb-title-wrap\"><p class=\"uagb-ifb-title-prefix\">Sobre<\/p><h1 class=\"uagb-ifb-title\">Conhe\u00e7a a EDMA Solutions<\/h1><\/div><div class=\"uagb-ifb-separator\"><\/div><\/div><\/div><\/div>\n<\/div><\/div>\n\n\n\n<div class=\"wp-block-uagb-container uagb-block-0f191913 alignfull uagb-is-root-container\"><div class=\"uagb-container-inner-blocks-wrap\">\n<div class=\"wp-block-uagb-advanced-heading uagb-block-759d2a64\"><h2 class=\"uagb-heading-text\">Uma amea\u00e7a transformada em <strong><mark style=\"background-color:rgba(0, 0, 0, 0)\" class=\"has-inline-color has-ast-global-color-0-color\">oportunidade<\/mark><\/strong><\/h2><div class=\"uagb-separator\"><\/div><\/div>\n\n\n\n<p class=\"has-medium-font-size\">Em 30 de Janeiro de 2020 foi aunciada a presen\u00e7a de um virus, que poderia ser letal, considerado sem controle e configurando uma pandemia global. O <strong>Novo Corona Virus<\/strong> (<em>COVID19<\/em>). Uma das primeiras providencias governamentais foi a interrup\u00e7\u00e3o dos servi\u00e7os envolvendo contato pr\u00f3ximo presencial. Neste momento o ent\u00e3o <mark style=\"background-color:rgba(0, 0, 0, 0)\" class=\"has-inline-color has-ast-global-color-0-color\"><strong>Conservat\u00f3rio Ever Dream<\/strong><\/mark> operava 100% presencialmente na Alameda Fern\u00e3o Cardim, no Jardins, a duas quadras da Av. Paulista em S\u00e3o Paulo, Brasil. As instala\u00e7\u00f5es contavam com 6 salas de aula, recep\u00e7\u00e3o e um est\u00fadio de \u00e1udio completo, agora com as portas fechadas. <\/p>\n\n\n\n<p class=\"has-medium-font-size\">Meu nome \u00e9 <strong><mark style=\"background-color:rgba(0, 0, 0, 0)\" class=\"has-inline-color has-ast-global-color-0-color\"><a href=\"https:\/\/cappia.com.br\/\" target=\"_blank\" rel=\"noopener\" title=\"\">Wagner Cappia<\/a><\/mark><\/strong>, estudei, al\u00e9m de m\u00fasica, ci\u00eancias da computa\u00e7\u00e3o na PUC-SP e trabalhei mais de 30 anos na \u00e1rea de desenvolvimento de sistemas, como programador, analista de processos, supervisor t\u00e9cnico, diretor de sistemas, assessor de tecnologia e gerente de projetos modelo PMI e CMMi, antes de derivar para a carreira musical efetivamente. <\/p>\n\n\n\n<p class=\"has-medium-font-size\">Neste momento n\u00e3o tive nenhuma d\u00favida de que os progn\u00f3sticos do governo eram uma ilus\u00e3o e precisava manter a empresa funcionando. Assim, em pouco mais de um m\u00eas, implantamos o AVA <strong><mark style=\"background-color:rgba(0, 0, 0, 0)\" class=\"has-inline-color has-ast-global-color-0-color\">Moodle<\/mark><\/strong>, garantindo que os alunos mantivessem um vinculo efetivo com a escola e n\u00e3 apenas tivessem aulas por <em>WhatsApp<\/em>. Ap\u00f3s um per\u00edodo de adapta\u00e7\u00e3o, j\u00e1 com o pr\u00e9dio definitivamente fechado, decidimos que o online n\u00e3o mais deixaria de operar, independente das resolu\u00e7\u00f5es e desdobramentos no p\u00f3s pandemia. <\/p>\n\n\n\n<p class=\"has-medium-font-size\">Quando a presencialidade foi liberada, os alunos estavam t\u00e3o bem atendidos pela plataforma que naturalmente optaram por manter o online, pois reduzia seu custo e tempo, como por exemplo para chegar at\u00e9 a escola. Decidimos ent\u00e3o encerrar as atividades presenciais completamente e investir no ambiente virtual. <\/p>\n\n\n\n<p class=\"has-medium-font-size\">Em decorrencia da pandemia, os recursos financeiros evidentemente se tornaram escassos, ent\u00e3o precis\u00e1vamos de solu\u00e7\u00f5es de baixo custo e \/ ou gratuitas. Assim, conseguimos com o <strong><mark style=\"background-color:rgba(0, 0, 0, 0)\" class=\"has-inline-color has-ast-global-color-0-color\"><a href=\"https:\/\/moodle.org\/\" target=\"_blank\" rel=\"noopener\" title=\"\">Moodle<\/a><\/mark><\/strong> um ambiente de primeiro n\u00edvel com um baixo custo, considerando que eu era a equipe de implanta\u00e7\u00e3o naquele momento, o <strong><mark style=\"background-color:rgba(0, 0, 0, 0)\" class=\"has-inline-color has-ast-global-color-0-color\"><a href=\"https:\/\/www.dolibarr.org\/\" target=\"_blank\" rel=\"noopener\" title=\"\">Dolibarr<\/a> <\/mark><\/strong>como ferramenta de ERP e CRM, onde todos os controles administrativos passaram a ser executados, principalmente a gera\u00e7\u00e3o de contratos e o controle de faturamento, al\u00e9m das facilildades de CRM que a ferramenta proporciona, tamb\u00e9m sem custos de produto. <\/p>\n\n\n\n<p class=\"has-medium-font-size\">Remodelamos nosso site institucional para que n\u00e3o fosse apenas &#8220;um site&#8221; e sim uma ferramenta que demonstrasse nossas capacidades ao mercado, site totalmente baseado em <strong><mark style=\"background-color:rgba(0, 0, 0, 0)\" class=\"has-inline-color has-ast-global-color-0-color\"><a href=\"https:\/\/wordpress.org\/\" target=\"_blank\" rel=\"noopener\" title=\"\">WordPress<\/a><\/mark><\/strong>, al\u00e9m de ser aporta de entrada de todos os nossos alunos.<\/p>\n\n\n\n<p class=\"has-medium-font-size\">Mas ainda havia um problema com tantas ferramentas independentes: <mark style=\"background-color:rgba(0, 0, 0, 0)\" class=\"has-inline-color has-ast-global-color-0-color\">a Integra\u00e7\u00e3o<\/mark>. Neste ponto comecei a desenvolver rotinas para enviar dados de um sistema a outro eliminando o retrabalho e reduzindo erros, padronizando e hieginazando os dados e, at\u00e9 hoje siguimos automatizando o que \u00e9 poss\u00edve. <strong><mark style=\"background-color:rgba(0, 0, 0, 0)\" class=\"has-inline-color has-ast-global-color-0-color\">Um computador deve trabalhar para voc\u00ea e n\u00e3o o contr\u00e1rio.<\/mark><\/strong><\/p>\n\n\n\n<p class=\"has-medium-font-size\">Ainda em 2020 nos mudamos para Buenos Aires na Argentina onde evoluimos o conservat\u00f3rio para mais al\u00e9m de uma escola de m\u00fasica de alto n\u00edvel, criando a <strong><mark style=\"background-color:rgba(0, 0, 0, 0)\" class=\"has-inline-color has-ast-global-color-0-color\"><a href=\"https:\/\/everdreammusicacademy.com\/\" target=\"_blank\" rel=\"noopener\" title=\"\">Ever Dream Music Academy<\/a><\/mark><\/strong>, mudando a forma de ensinar m\u00fasica e agregando uma <strong>universidade corporativa<\/strong>, al\u00e9m de assumir como padr\u00e3o de ensino os pilares da <strong>educa\u00e7\u00e3o auto-dirigida<\/strong>. Operamos ai desde ent\u00e3o, com a maioria dos clientes ainda no Brasil, v\u00e1rios deles conosco at\u00e9 hoje. <\/p>\n\n\n\n<p class=\"has-medium-font-size\">Agora, quero compartilhar essa experiencia implantando as ferramentas e integra\u00e7\u00f5es na sua empresa, para que, como n\u00f3s, voc\u00ea tamb\u00e9m tenha total controle sobre seus dados, alunos, professores, contratos, etc, sem investimentos suntuosos em sistemas propriet\u00e1rios, que nada mais fazem que reinventar a roda sob o nome de &#8220;<em>sistema de gest\u00e3o escolar&#8221; <\/em><mark style=\"background-color:rgba(0, 0, 0, 0)\" class=\"has-inline-color has-ast-global-color-0-color\"><strong>que geram dependencia tecnologica mais do que resultados<\/strong><\/mark>. Te espero para unir for\u00e7as e trabalhar com quem est\u00e1 sentado dos dois lados da mesa.<\/p>\n<\/div><\/div>\n\n\n\n<div class=\"wp-block-uagb-container uagb-block-510023d1 alignfull uagb-is-root-container\"><div class=\"uagb-container-inner-blocks-wrap\">\n<div data-aos= \"zoom-in\" data-aos-duration=\"400\" data-aos-delay=\"0\" data-aos-easing=\"ease\" data-aos-once=\"true\" class=\"wp-block-uagb-image aligncenter uagb-block-8a1eac8a wp-block-uagb-image--layout-default wp-block-uagb-image--effect-zoomin wp-block-uagb-image--align-center\"><figure class=\"wp-block-uagb-image__figure\"><img decoding=\"async\" srcset=\"https:\/\/everdreammusicacademy.com\/edmasolutions\/wp-content\/uploads\/sites\/8\/2024\/05\/EDMA-Solutions-LOGO-1024x132.png ,https:\/\/everdreammusicacademy.com\/edmasolutions\/wp-content\/uploads\/sites\/8\/2024\/05\/EDMA-Solutions-LOGO.png 780w, https:\/\/everdreammusicacademy.com\/edmasolutions\/wp-content\/uploads\/sites\/8\/2024\/05\/EDMA-Solutions-LOGO.png 360w\" sizes=\"auto, (max-width: 480px) 150px\" src=\"https:\/\/everdreammusicacademy.com\/edmasolutions\/wp-content\/uploads\/sites\/8\/2024\/05\/EDMA-Solutions-LOGO-1024x132.png\" alt=\"\" class=\"uag-image-536\" width=\"1024\" height=\"132\" title=\"EDMA Solutions LOGO\" loading=\"lazy\" role=\"img\"\/><\/figure><\/div>\n\n\n\n<div class=\"wp-block-uagb-container uagb-layout-grid uagb-block-e30bfe02\">\n<div class=\"wp-block-uagb-advanced-heading uagb-block-ff6fe459\"><h2 class=\"uagb-heading-text\">Sobre nossa empresa<\/h2><div class=\"uagb-separator\"><\/div><\/div>\n\n\n\n<div class=\"wp-block-uagb-info-box uagb-block-457ca2a7 uagb-infobox__content-wrap  uagb-infobox-icon-above-title uagb-infobox-image-valign-top\"><div class=\"uagb-ifb-content\"><div class=\"uagb-ifb-title-wrap\"><h3 class=\"uagb-ifb-title-prefix\">Inova\u00e7\u00e3o em tecnologia e gest\u00e3o de sistemas<\/h3><p class=\"uagb-ifb-title\">A<strong><mark style=\"background-color:rgba(0, 0, 0, 0)\" class=\"has-inline-color has-ast-global-color-0-color\"> EDMA Solutions<\/mark><\/strong> promove a integra\u00e7\u00e3o de softwares consolidados no mercado, eliminando custos extras e retrabalhos. Nossas solu\u00e7\u00f5es eficientes garantem uma gest\u00e3o simplificada e resultados positivos para nossos clientes.<\/p><\/div><p class=\"uagb-ifb-desc\">Oferecemos automa\u00e7\u00e3o e integra\u00e7\u00e3o para processos sem falhas e otimizados, resultando em economia e efici\u00eancia para sua empresa.<\/p><\/div><\/div>\n<\/div>\n<\/div><\/div>\n\n\n\n<div class=\"wp-block-uagb-container uagb-block-fc7a701d alignfull uagb-is-root-container\"><div class=\"uagb-container-inner-blocks-wrap\">\n<div class=\"wp-block-uagb-advanced-heading uagb-block-c3875504\"><h2 class=\"uagb-heading-text\">Miss\u00e3o e Valores<\/h2><div class=\"uagb-separator\"><\/div><\/div>\n\n\n\n<div class=\"wp-block-uagb-container uagb-layout-grid uagb-block-17dafbc4\">\n<div class=\"wp-block-uagb-advanced-heading uagb-block-858058df\"><h3 class=\"uagb-heading-text\">Nossa Miss\u00e3o<\/h3><p class=\"uagb-desc-text\">Nossa miss\u00e3o \u00e9 simplificar a gest\u00e3o empresarial atrav\u00e9s de solu\u00e7\u00f5es tecnol\u00f3gicas eficientes, gerando valor evitando a dependencia tecnol\u00f3gica de maneira sustent\u00e1vel.<\/p><\/div>\n\n\n\n<div class=\"wp-block-uagb-advanced-heading uagb-block-e3961444\"><h3 class=\"uagb-heading-text\">Nossos Valores<\/h3><p class=\"uagb-desc-text\">Valorizamos a inova\u00e7\u00e3o, a integridade e a colabora\u00e7\u00e3o, buscando sempre a excel\u00eancia na entrega de solu\u00e7\u00f5es tecnol\u00f3gicas que impulsionem o sucesso de nossos clientes.<\/p><\/div>\n<\/div>\n<\/div><\/div>\n\n\n\n<div class=\"wp-block-uagb-container uagb-block-a1be7688 alignfull uagb-is-root-container\"><div class=\"uagb-container-inner-blocks-wrap\">\n<div class=\"wp-block-uagb-info-box uagb-block-5c2a4b94 uagb-infobox__content-wrap  uagb-infobox-icon-above-title uagb-infobox-image-valign-top wp-block-uagb-info-box--has-margin\"><div class=\"uagb-infobox-margin-wrapper\"><div class=\"uagb-ifb-content\"><div class=\"uagb-ifb-separator\"><\/div><div class=\"uagb-ifb-title-wrap\"><h2 class=\"uagb-ifb-title-prefix\">Potencialize sua Empresa Agora<\/h2><p class=\"uagb-ifb-title\">Entre em contato conosco e descubra como podemos ajudar a impulsionar o seu neg\u00f3cio com nossas solu\u00e7\u00f5es tecnol\u00f3gicas personalizadas.<\/p><\/div><div class=\"uagb-ifb-button-wrapper wp-block-button\"><a href=\"\/edmasolutions\/contact\" class=\"uagb-infobox-cta-link wp-block-button__link\" target=\"_self\" rel=\"noopener noreferrer\" onclick=\"return true;\"><span class=\"uagb-inline-editing\">potencializar minha empresa!<\/span><\/a><\/div><\/div><\/div><\/div>\n<\/div><\/div>\n","protected":false},"excerpt":{"rendered":"<p>Uma amea\u00e7a transformada em oportunidade Em 30 de Janeiro de 2020 foi aunciada a presen\u00e7a de um virus, que poderia ser letal, considerado sem controle e configurando uma pandemia global. [&hellip;]<\/p>\n","protected":false},"author":1,"featured_media":0,"parent":0,"menu_order":0,"comment_status":"closed","ping_status":"closed","template":"","meta":{"_eb_attr":"","_uag_custom_page_level_css":"","site-sidebar-layout":"default","site-content-layout":"","ast-site-content-layout":"default","site-content-style":"default","site-sidebar-style":"default","ast-global-header-display":"","ast-banner-title-visibility":"","ast-main-header-display":"","ast-hfb-above-header-display":"","ast-hfb-below-header-display":"","ast-hfb-mobile-header-display":"","site-post-title":"disabled","ast-breadcrumbs-content":"","ast-featured-img":"","footer-sml-layout":"","ast-disable-related-posts":"","theme-transparent-header-meta":"","adv-header-id-meta":"","stick-header-meta":"","header-above-stick-meta":"","header-main-stick-meta":"","header-below-stick-meta":"","astra-migrate-meta-layouts":"default","ast-page-background-enabled":"default","ast-page-background-meta":{"desktop":{"background-color":"var(--ast-global-color-4)","background-image":"","background-repeat":"repeat","background-position":"center center","background-size":"auto","background-attachment":"scroll","background-type":"","background-media":"","overlay-type":"","overlay-color":"","overlay-opacity":"","overlay-gradient":""},"tablet":{"background-color":"","background-image":"","background-repeat":"repeat","background-position":"center center","background-size":"auto","background-attachment":"scroll","background-type":"","background-media":"","overlay-type":"","overlay-color":"","overlay-opacity":"","overlay-gradient":""},"mobile":{"background-color":"","background-image":"","background-repeat":"repeat","background-position":"center center","background-size":"auto","background-attachment":"scroll","background-type":"","background-media":"","overlay-type":"","overlay-color":"","overlay-opacity":"","overlay-gradient":""}},"ast-content-background-meta":{"desktop":{"background-color":"var(--ast-global-color-5)","background-image":"","background-repeat":"repeat","background-position":"center center","background-size":"auto","background-attachment":"scroll","background-type":"","background-media":"","overlay-type":"","overlay-color":"","overlay-opacity":"","overlay-gradient":""},"tablet":{"background-color":"var(--ast-global-color-5)","background-image":"","background-repeat":"repeat","background-position":"center center","background-size":"auto","background-attachment":"scroll","background-type":"","background-media":"","overlay-type":"","overlay-color":"","overlay-opacity":"","overlay-gradient":""},"mobile":{"background-color":"var(--ast-global-color-5)","background-image":"","background-repeat":"repeat","background-position":"center center","background-size":"auto","background-attachment":"scroll","background-type":"","background-media":"","overlay-type":"","overlay-color":"","overlay-opacity":"","overlay-gradient":""}},"cybocfi_hide_featured_image":"","footnotes":""},"class_list":["post-57","page","type-page","status-publish","hentry"],"aioseo_notices":[],"uagb_featured_image_src":{"full":false,"thumbnail":false,"medium":false,"medium_large":false,"large":false,"1536x1536":false,"2048x2048":false},"uagb_author_info":{"display_name":"AdminEDMA","author_link":"https:\/\/everdreammusicacademy.com\/edmasolutions\/author\/admin\/"},"uagb_comment_info":0,"uagb_excerpt":"Uma amea\u00e7a transformada em oportunidade Em 30 de Janeiro de 2020 foi aunciada a presen\u00e7a de um virus, que poderia ser letal, considerado sem controle e configurando uma pandemia global. [&hellip;]","_links":{"self":[{"href":"https:\/\/everdreammusicacademy.com\/edmasolutions\/wp-json\/wp\/v2\/pages\/57","targetHints":{"allow":["GET"]}}],"collection":[{"href":"https:\/\/everdreammusicacademy.com\/edmasolutions\/wp-json\/wp\/v2\/pages"}],"about":[{"href":"https:\/\/everdreammusicacademy.com\/edmasolutions\/wp-json\/wp\/v2\/types\/page"}],"author":[{"embeddable":true,"href":"https:\/\/everdreammusicacademy.com\/edmasolutions\/wp-json\/wp\/v2\/users\/1"}],"replies":[{"embeddable":true,"href":"https:\/\/everdreammusicacademy.com\/edmasolutions\/wp-json\/wp\/v2\/comments?post=57"}],"version-history":[{"count":27,"href":"https:\/\/everdreammusicacademy.com\/edmasolutions\/wp-json\/wp\/v2\/pages\/57\/revisions"}],"predecessor-version":[{"id":714,"href":"https:\/\/everdreammusicacademy.com\/edmasolutions\/wp-json\/wp\/v2\/pages\/57\/revisions\/714"}],"wp:attachment":[{"href":"https:\/\/everdreammusicacademy.com\/edmasolutions\/wp-json\/wp\/v2\/media?parent=57"}],"curies":[{"name":"wp","href":"https:\/\/api.w.org\/{rel}","templated":true}]}}